{"id":4704,"date":"2017-02-22T10:29:22","date_gmt":"2017-02-22T10:29:22","guid":{"rendered":"http:\/\/secint-consultores.com.mx\/?page_id=4704"},"modified":"2022-03-03T20:51:02","modified_gmt":"2022-03-03T20:51:02","slug":"nuestro-equipo","status":"publish","type":"page","link":"https:\/\/secint-consultores.com.mx\/?page_id=4704","title":{"rendered":"Nuestro Equipo"},"content":{"rendered":"<p>[vc_row dark=&#8221;true&#8221; bg_type=&#8221;bg_pattern&#8221; dima_canvas_style=&#8221;&#8221; translate_x=&#8221;0&#8243; dima_z_index=&#8221;0&#8243; delay=&#8221;&#8221; delay_duration=&#8221;&#8221; delay_offset=&#8221;&#8221; top_and_bottom_padding=&#8221;&#8221; left_and_right_padding=&#8221;&#8221; class=&#8221;&#8221; style=&#8221;&#8221; bg_pattern=&#8221;22&#8243;][vc_column min_height=&#8221;&#8221; bg_type=&#8221;&#8221; dima_canvas_style=&#8221;&#8221; translate_x=&#8221;0&#8243; dima_z_index=&#8221;0&#8243; delay=&#8221;&#8221; delay_duration=&#8221;&#8221; delay_offset=&#8221;&#8221; top_and_bottom_padding=&#8221;&#8221; left_and_right_padding=&#8221;&#8221; width=&#8221;1\/1&#8243;][vc_row_inner bg_type=&#8221;bg_color&#8221; dima_canvas_style=&#8221;&#8221; translate_x=&#8221;0&#8243; dima_z_index=&#8221;0&#8243; top_and_bottom_padding=&#8221;&#8221; left_and_right_padding=&#8221;&#8221; class=&#8221;&#8221; style=&#8221;&#8221;][vc_column_inner animation=&#8221;fadeInUp&#8221; delay=&#8221;400&#8243; delay_duration=&#8221;&#8221; delay_offset=&#8221;&#8221; translate_x=&#8221;0&#8243; dima_z_index=&#8221;0&#8243; width=&#8221;1\/2&#8243; id=&#8221;&#8221; class=&#8221;&#8221; style=&#8221;&#8221;]<div  class=\"dima-iconbox features-box text-center features-box\" style=\"background-color:#ffffff;box-shadow: none;\"><header  class=\"icon-box-header\" ><div class=\"image-cropper thumb  medium  box-circle \" style=\"box-shadow: 0 0 0 1px #ffffff;\"><img class=\"background-image\" src=\"https:\/\/secint-consultores.com.mx\/wp-content\/uploads\/2021\/01\/fernando-rosas.jpeg\" width=\"960\" height=\"1280\" alt=\"\"><\/div><\/header><div  class=\"features-content\" ><h5 class=\"features-title no-title-hover\" style=\"color:#dd3333;\"><\/h5>\n<h4><span style=\"color: #3366ff;\">Fernando Rosas M\u00e1rquez<\/span><\/h4>\n<p>Es Maestro en Auditor\u00eda y Licenciado en Contadur\u00eda P\u00fablica. Cuenta con m\u00e1s de 20 a\u00f1os de experiencia como auditor senior, gerente y subdirector de control de riesgo operativo en importantes empresas como: Deloitte M\u00e9xico, HSBC y Bansefi entre otros.<div  class=\"dima-clear\" style=\"padding-bottom:5px\"><\/div><br \/>\n<div  class=\"social-media text-center social-medium circle-social\" ><ul class=\"inline clearfix\" ><li    ><a href=\"#\" data-toggle=\"tooltip\" data-trigger=\"hover\" data-placement=\"bottom\"  target=\"\" title=\"\"><i class=\"fa fa-facebook\"><\/i><\/a><\/li><li    ><a href=\"#\" data-toggle=\"tooltip\" data-trigger=\"hover\" data-placement=\"bottom\"  target=\"\" title=\"\"><i class=\"fa fa-twitter\"><\/i><\/a><\/li><li    ><a href=\"#\" data-toggle=\"tooltip\" data-trigger=\"hover\" data-placement=\"bottom\"  target=\"\" title=\"\"><i class=\"fa fa-linkedin\"><\/i><\/a><\/li><\/ul><\/div><\/div><\/div>[\/vc_column_inner][\/vc_row_inner][\/vc_column][\/vc_row][vc_row bg_type=&#8221;bg_color&#8221; dima_canvas_style=&#8221;&#8221; translate_x=&#8221;0&#8243; dima_z_index=&#8221;0&#8243; delay=&#8221;&#8221; delay_duration=&#8221;&#8221; delay_offset=&#8221;&#8221; top_and_bottom_padding=&#8221;0&#8243; left_and_right_padding=&#8221;0&#8243; class=&#8221;&#8221; style=&#8221;&#8221; bg_color=&#8221;#1565c0&#8243; id=&#8221;&#8221;][vc_column min_height=&#8221;&#8221; bg_type=&#8221;&#8221; dima_canvas_style=&#8221;&#8221; translate_x=&#8221;0&#8243; dima_z_index=&#8221;0&#8243; delay=&#8221;&#8221; delay_duration=&#8221;&#8221; delay_offset=&#8221;&#8221; top_and_bottom_padding=&#8221;&#8221; left_and_right_padding=&#8221;&#8221; width=&#8221;1\/1&#8243;]<div  class=\"no-border dima-callout dima-full-callout text-start dima-box-shadow\" ><div class=\"dima-callout-clm1\"><h3 class=\"h-callout\" style=\"color:#ffffff;\">Nuestros servicios a detalle<\/h3><p class=\"p-callout\" style=\"color:rgba(255,255,255,0.8);\">Descarga un folleto en el que encontrar\u00e1s m\u00e1s informaci\u00f3n sobre las maneras en que podemos ayudarte.<br \/>\n\u00a1S\u00famanos a tu equipo!<\/p><\/div><div class=\"dima-callout-clm2 text-end\"><a   data-direction=\"down\" class=\"dima-button di_blue  dima-btn-pill fill dima-btn-large\"  href=\"http:\/\/secint-consultores.com.mx\/wp-content\/uploads\/2021\/01\/SECINT-Consultores-Presentacio\u0301n-y-servicios-1.pdf\"    >Descarga Folleto<\/a><\/div><\/div>[\/vc_column][\/vc_row]<\/p>\n","protected":false},"excerpt":{"rendered":"<p>[vc_row dark=&#8221;true&#8221; bg_type=&#8221;bg_pattern&#8221; dima_canvas_style=&#8221;&#8221; translate_x=&#8221;0&#8243; dima_z_index=&#8221;0&#8243; delay=&#8221;&#8221; delay_duration=&#8221;&#8221; delay_offset=&#8221;&#8221; top_and_bottom_padding=&#8221;&#8221; left_and_right_padding=&#8221;&#8221; class=&#8221;&#8221; style=&#8221;&#8221; bg_pattern=&#8221;22&#8243;][vc_column min_height=&#8221;&#8221; bg_type=&#8221;&#8221; dima_canvas_style=&#8221;&#8221; translate_x=&#8221;0&#8243; dima_z_index=&#8221;0&#8243; delay=&#8221;&#8221; delay_duration=&#8221;&#8221; delay_offset=&#8221;&#8221; top_and_bottom_padding=&#8221;&#8221; left_and_right_padding=&#8221;&#8221; width=&#8221;1\/1&#8243;][vc_row_inner bg_type=&#8221;bg_color&#8221; dima_canvas_style=&#8221;&#8221; translate_x=&#8221;0&#8243; dima_z_index=&#8221;0&#8243; top_and_bottom_padding=&#8221;&#8221; left_and_right_padding=&#8221;&#8221; class=&#8221;&#8221; style=&#8221;&#8221;][vc_column_inner animation=&#8221;fadeInUp&#8221; delay=&#8221;400&#8243; delay_duration=&#8221;&#8221; delay_offset=&#8221;&#8221; translate_x=&#8221;0&#8243; dima_z_index=&#8221;0&#8243; width=&#8221;1\/2&#8243; id=&#8221;&#8221; class=&#8221;&#8221; style=&#8221;&#8221;][\/vc_column_inner][\/vc_row_inner][\/vc_column][\/vc_row][vc_row bg_type=&#8221;bg_color&#8221; dima_canvas_style=&#8221;&#8221; translate_x=&#8221;0&#8243; dima_z_index=&#8221;0&#8243; delay=&#8221;&#8221; delay_duration=&#8221;&#8221; delay_offset=&#8221;&#8221; top_and_bottom_padding=&#8221;0&#8243; left_and_right_padding=&#8221;0&#8243; class=&#8221;&#8221; style=&#8221;&#8221; bg_color=&#8221;#1565c0&#8243; [&hellip;]<\/p>\n","protected":false},"author":1,"featured_media":0,"parent":0,"menu_order":0,"comment_status":"closed","ping_status":"closed","template":"","meta":{"_bbp_topic_count":0,"_bbp_reply_count":0,"_bbp_total_topic_count":0,"_bbp_total_reply_count":0,"_bbp_voice_count":0,"_bbp_anonymous_reply_count":0,"_bbp_topic_count_hidden":0,"_bbp_reply_count_hidden":0,"_bbp_forum_subforum_count":0},"amp_enabled":true,"_links":{"self":[{"href":"https:\/\/secint-consultores.com.mx\/index.php?rest_route=\/wp\/v2\/pages\/4704"}],"collection":[{"href":"https:\/\/secint-consultores.com.mx\/index.php?rest_route=\/wp\/v2\/pages"}],"about":[{"href":"https:\/\/secint-consultores.com.mx\/index.php?rest_route=\/wp\/v2\/types\/page"}],"author":[{"embeddable":true,"href":"https:\/\/secint-consultores.com.mx\/index.php?rest_route=\/wp\/v2\/users\/1"}],"replies":[{"embeddable":true,"href":"https:\/\/secint-consultores.com.mx\/index.php?rest_route=%2Fwp%2Fv2%2Fcomments&post=4704"}],"version-history":[{"count":43,"href":"https:\/\/secint-consultores.com.mx\/index.php?rest_route=\/wp\/v2\/pages\/4704\/revisions"}],"predecessor-version":[{"id":5082,"href":"https:\/\/secint-consultores.com.mx\/index.php?rest_route=\/wp\/v2\/pages\/4704\/revisions\/5082"}],"wp:attachment":[{"href":"https:\/\/secint-consultores.com.mx\/index.php?rest_route=%2Fwp%2Fv2%2Fmedia&parent=4704"}],"curies":[{"name":"wp","href":"https:\/\/api.w.org\/{rel}","templated":true}]}}