{"id":4755,"date":"2016-11-22T11:07:24","date_gmt":"2016-11-22T11:07:24","guid":{"rendered":"http:\/\/secint-consultores.com.mx\/?page_id=4755"},"modified":"2021-01-13T00:43:38","modified_gmt":"2021-01-13T00:43:38","slug":"service-2","status":"publish","type":"page","link":"https:\/\/secint-consultores.com.mx\/?page_id=4755","title":{"rendered":"Servicios"},"content":{"rendered":"<p>[vc_row bg_type=&#8221;&#8221; dima_canvas_style=&#8221;&#8221; translate_x=&#8221;0&#8243; dima_z_index=&#8221;0&#8243; delay=&#8221;&#8221; delay_duration=&#8221;&#8221; delay_offset=&#8221;&#8221; top_and_bottom_padding=&#8221;&#8221; left_and_right_padding=&#8221;&#8221;][vc_column min_height=&#8221;&#8221; bg_type=&#8221;&#8221; dima_canvas_style=&#8221;&#8221; translate_x=&#8221;0&#8243; dima_z_index=&#8221;0&#8243; delay=&#8221;&#8221; delay_duration=&#8221;&#8221; delay_offset=&#8221;&#8221; top_and_bottom_padding=&#8221;&#8221; left_and_right_padding=&#8221;&#8221; width=&#8221;1\/1&#8243;]<h3  class=\"dima-custom-heading text-center\" ><span style=\"color: #ff6600;\">As\u00ed podemos impulsar a tu proyecto o negocio<\/span><\/h3><div  class=\"dima-divider topaz-line\" ><i  class=\"fa fa-stop\"><\/i><\/div><p style=\"text-align: center;\"><strong>Nuestra cartera de servicios abarca asesor\u00eda en campos de planeaci\u00f3n, gobierno corporativo, control interno y tecnolog\u00eda, contable, fiscal y legal, entre otros.<\/strong><\/p>\n<div  class=\"dima-clear\" style=\"padding-bottom:55px\"><\/div>[vc_row_inner bg_type=&#8221;bg_color&#8221; dima_canvas_style=&#8221;&#8221; translate_x=&#8221;0&#8243; dima_z_index=&#8221;0&#8243; top_and_bottom_padding=&#8221;&#8221; left_and_right_padding=&#8221;&#8221;][vc_column_inner delay=&#8221;&#8221; delay_duration=&#8221;&#8221; delay_offset=&#8221;&#8221; translate_x=&#8221;0&#8243; dima_z_index=&#8221;0&#8243; width=&#8221;1\/4&#8243;]<h4  class=\"dima-custom-heading text-center\" ><span style=\"color: #000080;\"><strong>Consultor\u00eda de Negocios<\/strong><\/span><\/h4><h6  class=\"dima-custom-heading text-center\" ><\/p>\n<p style=\"text-align: center;\">Planeaci\u00f3n Estrat\u00e9gica y Modelo de Negocio<\/p>\n<p><\/h6><div  class=\"dima-clear\" style=\"padding-bottom:10px\"><\/div><div class=\"column-item overflow-hidden text-center\"><div class=\"effect-julia\"><a data-lightbox=image  class=\"dima-img  text-center\"  href=\"https:\/\/secint-consultores.com.mx\/wp-content\/uploads\/2020\/12\/consultoria-de-negocios.jpg\"   ><img src=\"https:\/\/secint-consultores.com.mx\/wp-content\/uploads\/2020\/12\/consultoria-de-negocios.jpg\" alt=\"\" width=\"600\" height=\"600\"><\/a><\/div><\/div>[\/vc_column_inner][vc_column_inner delay=&#8221;&#8221; delay_duration=&#8221;&#8221; delay_offset=&#8221;&#8221; translate_x=&#8221;0&#8243; dima_z_index=&#8221;0&#8243; width=&#8221;1\/4&#8243;]<h4  class=\"dima-custom-heading text-center\" ><span style=\"color: #000080;\"><strong>Gobierno <\/strong><strong>corporativo<\/strong><\/span><\/h4><h6  class=\"dima-custom-heading text-center\" ><\/p>\n<p style=\"text-align: center;\">Normas y procedimientos que regulan la estructura y funcionamiento de la empresa<\/p>\n<p><\/h6><div  class=\"dima-clear\" style=\"padding-bottom:10px\"><\/div><div class=\"column-item overflow-hidden text-center\"><div class=\"effect-julia\"><a data-lightbox=image  class=\"dima-img  text-center\"  href=\"https:\/\/secint-consultores.com.mx\/wp-content\/uploads\/2020\/12\/gobierno-corporativo.jpg\"   ><img src=\"https:\/\/secint-consultores.com.mx\/wp-content\/uploads\/2020\/12\/gobierno-corporativo.jpg\" alt=\"\" width=\"600\" height=\"600\"><\/a><\/div><\/div>[\/vc_column_inner][vc_column_inner delay=&#8221;&#8221; delay_duration=&#8221;&#8221; delay_offset=&#8221;&#8221; translate_x=&#8221;0&#8243; dima_z_index=&#8221;0&#8243; width=&#8221;1\/4&#8243;]<h4  class=\"dima-custom-heading text-center\" ><span style=\"color: #000080;\"><strong>Riesgos<\/strong><\/span><\/h4><h6  class=\"dima-custom-heading text-center\" ><\/p>\n<p style=\"text-align: center;\">Operacional, Fraude, Lavado de dinero, Financieros, Estrat\u00e9gico y Negocio<\/p>\n<p><\/h6><div  class=\"dima-clear\" style=\"padding-bottom:10px\"><\/div><div class=\"column-item overflow-hidden text-center\"><div class=\"effect-roxy\"><a data-lightbox=image  class=\"dima-img  text-center\"  href=\"https:\/\/secint-consultores.com.mx\/wp-content\/uploads\/2020\/12\/gestion-de-riesgos.jpg\"   ><img src=\"https:\/\/secint-consultores.com.mx\/wp-content\/uploads\/2020\/12\/gestion-de-riesgos.jpg\" alt=\"\" width=\"600\" height=\"600\"><\/a><\/div><\/div>[\/vc_column_inner][vc_column_inner delay=&#8221;&#8221; delay_duration=&#8221;&#8221; delay_offset=&#8221;&#8221; translate_x=&#8221;0&#8243; dima_z_index=&#8221;0&#8243; width=&#8221;1\/4&#8243;]<h4  class=\"dima-custom-heading text-center\" ><span style=\"color: #000080;\"><strong>Finanzas<\/strong><\/span><\/h4><h6  class=\"dima-custom-heading text-center\" ><\/p>\n<p style=\"text-align: center;\">Gesti\u00f3n de desempe\u00f1o empresarial, Inversiones, Tesorer\u00eda y Mesa de dinero<\/p>\n<p><\/h6><div  class=\"dima-clear\" style=\"padding-bottom:10px\"><\/div><div class=\"column-item overflow-hidden text-center\"><div class=\"effect-julia\"><a data-lightbox=image  class=\"dima-img  text-center\"  href=\"https:\/\/secint-consultores.com.mx\/wp-content\/uploads\/2020\/12\/finanzas-empresariales.jpg\"   ><img src=\"https:\/\/secint-consultores.com.mx\/wp-content\/uploads\/2020\/12\/finanzas-empresariales.jpg\" alt=\"\" width=\"600\" height=\"600\"><\/a><\/div><\/div>[\/vc_column_inner][\/vc_row_inner]<div  class=\"dima-clear\" style=\"padding-bottom:55px\"><\/div>[vc_row_inner bg_type=&#8221;bg_color&#8221; dima_canvas_style=&#8221;&#8221; translate_x=&#8221;0&#8243; dima_z_index=&#8221;0&#8243; top_and_bottom_padding=&#8221;&#8221; left_and_right_padding=&#8221;&#8221;][vc_column_inner delay=&#8221;&#8221; delay_duration=&#8221;&#8221; delay_offset=&#8221;&#8221; translate_x=&#8221;0&#8243; dima_z_index=&#8221;0&#8243; width=&#8221;1\/4&#8243;]<h4  class=\"dima-custom-heading text-center\" ><strong><span style=\"color: #000080;\">Outsourcing<\/span><\/strong><\/h4><h6  class=\"dima-custom-heading text-center\" ><\/p>\n<p style=\"text-align: center;\">Maquila de n\u00f3mina. Contabilidad e impuestos y administraci\u00f3n (cuentas por cobrar y pagar, facturaci\u00f3n, etc.)<\/p>\n<p><\/h6><div  class=\"dima-clear\" style=\"padding-bottom:10px\"><\/div><div class=\"column-item overflow-hidden text-center\"><div class=\"effect-julia\"><a data-lightbox=image  class=\"dima-img  text-center\"  href=\"https:\/\/secint-consultores.com.mx\/wp-content\/uploads\/2020\/12\/outsourcing-secint.jpg\"   ><img src=\"https:\/\/secint-consultores.com.mx\/wp-content\/uploads\/2020\/12\/outsourcing-secint.jpg\" alt=\"\" width=\"600\" height=\"600\"><\/a><\/div><\/div>[\/vc_column_inner][vc_column_inner delay=&#8221;&#8221; delay_duration=&#8221;&#8221; delay_offset=&#8221;&#8221; translate_x=&#8221;0&#8243; dima_z_index=&#8221;0&#8243; width=&#8221;1\/4&#8243;]<h4  class=\"dima-custom-heading text-center\" ><strong><span style=\"color: #000080;\">Auditor\u00eda<\/span><\/strong><\/h4><h6  class=\"dima-custom-heading text-center\" ><\/p>\n<p style=\"text-align: center;\">Financiera, Interna, Forense, Gubernamental y Especiales. Control Interno. Consultor\u00eda de Procesos.<\/p>\n<p><\/h6><div  class=\"dima-clear\" style=\"padding-bottom:10px\"><\/div><div class=\"column-item overflow-hidden text-center\"><div class=\"effect-julia\"><a data-lightbox=image  class=\"dima-img  text-center\"  href=\"https:\/\/secint-consultores.com.mx\/wp-content\/uploads\/2020\/12\/auditoria-de-negocios-SECINT.jpg\"   ><img src=\"https:\/\/secint-consultores.com.mx\/wp-content\/uploads\/2020\/12\/auditoria-de-negocios-SECINT.jpg\" alt=\"\" width=\"600\" height=\"600\"><\/a><\/div><\/div>[\/vc_column_inner][vc_column_inner delay=&#8221;&#8221; delay_duration=&#8221;&#8221; delay_offset=&#8221;&#8221; translate_x=&#8221;0&#8243; dima_z_index=&#8221;0&#8243; width=&#8221;1\/4&#8243;]<h4  class=\"dima-custom-heading text-center\" ><span style=\"color: #000080;\"><strong>Administraci\u00f3n de TI<\/strong><\/span><\/h4><h6  class=\"dima-custom-heading text-center\" ><\/p>\n<p style=\"text-align: center;\">Implementaci\u00f3n de Gobierno, Seguridad de la Informaci\u00f3n, Continuidad de Negocio y Gesti\u00f3n de Riesgos en TI<\/p>\n<p><\/h6><div  class=\"dima-clear\" style=\"padding-bottom:10px\"><\/div><div class=\"column-item overflow-hidden text-center\"><div class=\"effect-roxy\"><a data-lightbox=image  class=\"dima-img  text-center\"  href=\"https:\/\/secint-consultores.com.mx\/wp-content\/uploads\/2020\/12\/administracion-tecnologica-de-negocios.jpg\"   ><img src=\"https:\/\/secint-consultores.com.mx\/wp-content\/uploads\/2020\/12\/administracion-tecnologica-de-negocios.jpg\" alt=\"\" width=\"600\" height=\"600\"><\/a><\/div><\/div>[\/vc_column_inner][vc_column_inner delay=&#8221;&#8221; delay_duration=&#8221;&#8221; delay_offset=&#8221;&#8221; translate_x=&#8221;0&#8243; dima_z_index=&#8221;0&#8243; width=&#8221;1\/4&#8243;]<h4  class=\"dima-custom-heading text-center\" ><span style=\"color: #000080;\"><strong>Alianzas Estrat\u00e9gicas<\/strong><\/span><\/h4><h6  class=\"dima-custom-heading text-center\" ><\/p>\n<p style=\"text-align: center;\">Contamos con alianzas estrat\u00e9gicas con notarios y especialistas jur\u00eddicos para lograr los objetivos de nuestros clientes.<\/p>\n<p><\/h6><div  class=\"dima-clear\" style=\"padding-bottom:10px\"><\/div><div class=\"column-item overflow-hidden text-center\"><div class=\"effect-julia\"><a data-lightbox=image  class=\"dima-img  text-center\"  href=\"https:\/\/secint-consultores.com.mx\/wp-content\/uploads\/2020\/12\/alianzas-estrategicas-SECINT-Consultores.jpg\"   ><img src=\"https:\/\/secint-consultores.com.mx\/wp-content\/uploads\/2020\/12\/alianzas-estrategicas-SECINT-Consultores.jpg\" alt=\"\" width=\"600\" height=\"600\"><\/a><\/div><\/div>[\/vc_column_inner][\/vc_row_inner][\/vc_column][\/vc_row][vc_row bg_type=&#8221;bg_color&#8221; dima_canvas_style=&#8221;&#8221; translate_x=&#8221;0&#8243; dima_z_index=&#8221;0&#8243; delay=&#8221;&#8221; delay_duration=&#8221;&#8221; delay_offset=&#8221;&#8221; top_and_bottom_padding=&#8221;0&#8243; left_and_right_padding=&#8221;0&#8243; class=&#8221;&#8221; style=&#8221;&#8221; bg_color=&#8221;#1565c0&#8243; id=&#8221;&#8221;][vc_column min_height=&#8221;&#8221; bg_type=&#8221;&#8221; dima_canvas_style=&#8221;&#8221; translate_x=&#8221;0&#8243; dima_z_index=&#8221;0&#8243; delay=&#8221;&#8221; delay_duration=&#8221;&#8221; delay_offset=&#8221;&#8221; top_and_bottom_padding=&#8221;&#8221; left_and_right_padding=&#8221;&#8221; width=&#8221;1\/1&#8243;]<div  class=\"no-border dima-callout dima-full-callout text-start dima-box-shadow\" ><div class=\"dima-callout-clm1\"><h3 class=\"h-callout\" style=\"color:#ffffff;\">Nuestros servicios a detalle<\/h3><p class=\"p-callout\" style=\"color:rgba(255,255,255,0.8);\">Descarga un folleto en el que encontrar\u00e1s m\u00e1s informaci\u00f3n sobre las maneras en que podemos ayudarte.<br \/>\n\u00a1S\u00famanos a tu equipo!<\/p><\/div><div class=\"dima-callout-clm2 text-end\"><a   data-direction=\"down\" class=\"dima-button di_blue  dima-btn-pill fill dima-btn-large\"  href=\"http:\/\/secint-consultores.com.mx\/wp-content\/uploads\/2021\/01\/SECINT-Consultores-Presentacio\u0301n-y-servicios-1.pdf\"  target=\"_blank\" rel=\"noopener\"  >Descarga Folleto<\/a><\/div><\/div>[\/vc_column][\/vc_row][vc_row bg_type=&#8221;bg_pattern&#8221; dima_canvas_style=&#8221;&#8221; translate_x=&#8221;0&#8243; dima_z_index=&#8221;0&#8243; delay=&#8221;&#8221; delay_duration=&#8221;&#8221; delay_offset=&#8221;&#8221; top_and_bottom_padding=&#8221;&#8221; left_and_right_padding=&#8221;&#8221; id=&#8221;&#8221; class=&#8221;&#8221; style=&#8221;&#8221; bg_pattern=&#8221;217&#8243;][vc_column min_height=&#8221;&#8221; bg_type=&#8221;&#8221; dima_canvas_style=&#8221;&#8221; translate_x=&#8221;0&#8243; dima_z_index=&#8221;0&#8243; delay=&#8221;&#8221; delay_duration=&#8221;&#8221; delay_offset=&#8221;&#8221; top_and_bottom_padding=&#8221;&#8221; left_and_right_padding=&#8221;&#8221; width=&#8221;1\/1&#8243;]<h2  class=\"dima-custom-heading text-center\" ><span style=\"color: #ffffff;\">Ayudamos a las empresas a consolidarse y ser resilientes<\/span><\/h2><p style=\"text-align: center;\"><span style=\"color: #ffffff;\">Creemos en que una econom\u00eda din\u00e1mica obliga a establecer modelos de negocio innovadores y din\u00e1micos<\/span><\/p>\n<a   data-direction=\"down\" class=\"dima-button di_red  dima-btn-rounded fill dima-btn-small float-center\"  href=\"#\"    >Cont\u00e1ctanos ahora<\/a>[\/vc_column][\/vc_row][vc_row bg_type=&#8221;bg_color&#8221; dima_canvas_style=&#8221;&#8221; translate_x=&#8221;0&#8243; dima_z_index=&#8221;0&#8243; delay=&#8221;&#8221; delay_duration=&#8221;&#8221; delay_offset=&#8221;&#8221; top_and_bottom_padding=&#8221;&#8221; left_and_right_padding=&#8221;&#8221; bg_color=&#8221;#fafafa&#8221; class=&#8221;&#8221; style=&#8221;&#8221;][vc_column min_height=&#8221;&#8221; bg_type=&#8221;&#8221; dima_canvas_style=&#8221;&#8221; translate_x=&#8221;0&#8243; dima_z_index=&#8221;0&#8243; delay=&#8221;&#8221; delay_duration=&#8221;&#8221; delay_offset=&#8221;&#8221; top_and_bottom_padding=&#8221;&#8221; left_and_right_padding=&#8221;&#8221; width=&#8221;1\/1&#8243;]<h3  class=\"dima-custom-heading text-center\" >D\u00e9janos saber en qu\u00e9 podemos ayudarte.<\/h3><p style=\"text-align: center;\">Comun\u00edcate con nosotros<\/p>\n<div  class=\"dima-clear\" style=\"padding-bottom:50px\"><\/div><div role=\"form\" class=\"wpcf7\" id=\"wpcf7-f531-o1\" lang=\"en-US\" dir=\"ltr\">\n<div class=\"screen-reader-response\"><p role=\"status\" aria-live=\"polite\" aria-atomic=\"true\"><\/p> <ul><\/ul><\/div>\n<form action=\"\/index.php?rest_route=%2Fwp%2Fv2%2Fpages%2F4755#wpcf7-f531-o1\" method=\"post\" class=\"wpcf7-form init\" novalidate=\"novalidate\" data-status=\"init\">\n<div style=\"display: none;\">\n<input type=\"hidden\" name=\"_wpcf7\" value=\"531\" \/>\n<input type=\"hidden\" name=\"_wpcf7_version\" value=\"5.3\" \/>\n<input type=\"hidden\" name=\"_wpcf7_locale\" value=\"en_US\" \/>\n<input type=\"hidden\" name=\"_wpcf7_unit_tag\" value=\"wpcf7-f531-o1\" \/>\n<input type=\"hidden\" name=\"_wpcf7_container_post\" value=\"0\" \/>\n<input type=\"hidden\" name=\"_wpcf7_posted_data_hash\" value=\"\" \/>\n<\/div>\n<div class=\"ok-row\">\n<div class=\"ok-md-4 ok-xsd-12   \">\n<p>Nombre (required)<br \/>\n    <span class=\"wpcf7-form-control-wrap your-name\"><input type=\"text\" name=\"your-name\" value=\"\" size=\"40\" class=\"wpcf7-form-control wpcf7-text wpcf7-validates-as-required\" aria-required=\"true\" aria-invalid=\"false\" \/><\/span> <\/p>\n<\/div>\n<div class=\"ok-md-4 ok-xsd-12   \">\n<p>E-mail (required)<br \/>\n    <span class=\"wpcf7-form-control-wrap your-email\"><input type=\"email\" name=\"your-email\" value=\"\" size=\"40\" class=\"wpcf7-form-control wpcf7-text wpcf7-email wpcf7-validates-as-required wpcf7-validates-as-email\" aria-required=\"true\" aria-invalid=\"false\" \/><\/span> <\/p>\n<\/div>\n<div class=\"ok-md-4 ok-xsd-12   \">\n<p>Asunto<br \/>\n    <span class=\"wpcf7-form-control-wrap your-subject\"><input type=\"text\" name=\"your-subject\" value=\"\" size=\"40\" class=\"wpcf7-form-control wpcf7-text\" aria-invalid=\"false\" \/><\/span> <\/p>\n<\/div>\n<\/div>\n<p>Mensaje<br \/>\n    <span class=\"wpcf7-form-control-wrap your-message\"><textarea name=\"your-message\" cols=\"40\" rows=\"10\" class=\"wpcf7-form-control wpcf7-textarea\" aria-invalid=\"false\"><\/textarea><\/span> <\/p>\n<p class=\"text-center\"><input type=\"submit\" value=\"SEND\" class=\"wpcf7-form-control wpcf7-submit dima-button di_green dima-btn-pill fill\" \/><\/p>\n<div class=\"wpcf7-response-output\" aria-hidden=\"true\"><\/div><\/form><\/div>[\/vc_column][\/vc_row]<\/p>\n","protected":false},"excerpt":{"rendered":"<p>[vc_row bg_type=&#8221;&#8221; dima_canvas_style=&#8221;&#8221; translate_x=&#8221;0&#8243; dima_z_index=&#8221;0&#8243; delay=&#8221;&#8221; delay_duration=&#8221;&#8221; delay_offset=&#8221;&#8221; top_and_bottom_padding=&#8221;&#8221; left_and_right_padding=&#8221;&#8221;][vc_column min_height=&#8221;&#8221; bg_type=&#8221;&#8221; dima_canvas_style=&#8221;&#8221; translate_x=&#8221;0&#8243; dima_z_index=&#8221;0&#8243; delay=&#8221;&#8221; delay_duration=&#8221;&#8221; delay_offset=&#8221;&#8221; top_and_bottom_padding=&#8221;&#8221; left_and_right_padding=&#8221;&#8221; width=&#8221;1\/1&#8243;][vc_row_inner bg_type=&#8221;bg_color&#8221; dima_canvas_style=&#8221;&#8221; translate_x=&#8221;0&#8243; dima_z_index=&#8221;0&#8243; top_and_bottom_padding=&#8221;&#8221; left_and_right_padding=&#8221;&#8221;][vc_column_inner delay=&#8221;&#8221; delay_duration=&#8221;&#8221; delay_offset=&#8221;&#8221; translate_x=&#8221;0&#8243; dima_z_index=&#8221;0&#8243; width=&#8221;1\/4&#8243;][\/vc_column_inner][vc_column_inner delay=&#8221;&#8221; delay_duration=&#8221;&#8221; delay_offset=&#8221;&#8221; translate_x=&#8221;0&#8243; dima_z_index=&#8221;0&#8243; width=&#8221;1\/4&#8243;][\/vc_column_inner][vc_column_inner delay=&#8221;&#8221; delay_duration=&#8221;&#8221; delay_offset=&#8221;&#8221; translate_x=&#8221;0&#8243; dima_z_index=&#8221;0&#8243; width=&#8221;1\/4&#8243;][\/vc_column_inner][vc_column_inner delay=&#8221;&#8221; delay_duration=&#8221;&#8221; delay_offset=&#8221;&#8221; translate_x=&#8221;0&#8243; dima_z_index=&#8221;0&#8243; width=&#8221;1\/4&#8243;][\/vc_column_inner][\/vc_row_inner][vc_row_inner bg_type=&#8221;bg_color&#8221; dima_canvas_style=&#8221;&#8221; translate_x=&#8221;0&#8243; dima_z_index=&#8221;0&#8243; [&hellip;]<\/p>\n","protected":false},"author":1,"featured_media":0,"parent":0,"menu_order":0,"comment_status":"closed","ping_status":"closed","template":"","meta":{"_bbp_topic_count":0,"_bbp_reply_count":0,"_bbp_total_topic_count":0,"_bbp_total_reply_count":0,"_bbp_voice_count":0,"_bbp_anonymous_reply_count":0,"_bbp_topic_count_hidden":0,"_bbp_reply_count_hidden":0,"_bbp_forum_subforum_count":0},"amp_enabled":true,"_links":{"self":[{"href":"https:\/\/secint-consultores.com.mx\/index.php?rest_route=\/wp\/v2\/pages\/4755"}],"collection":[{"href":"https:\/\/secint-consultores.com.mx\/index.php?rest_route=\/wp\/v2\/pages"}],"about":[{"href":"https:\/\/secint-consultores.com.mx\/index.php?rest_route=\/wp\/v2\/types\/page"}],"author":[{"embeddable":true,"href":"https:\/\/secint-consultores.com.mx\/index.php?rest_route=\/wp\/v2\/users\/1"}],"replies":[{"embeddable":true,"href":"https:\/\/secint-consultores.com.mx\/index.php?rest_route=%2Fwp%2Fv2%2Fcomments&post=4755"}],"version-history":[{"count":77,"href":"https:\/\/secint-consultores.com.mx\/index.php?rest_route=\/wp\/v2\/pages\/4755\/revisions"}],"predecessor-version":[{"id":4956,"href":"https:\/\/secint-consultores.com.mx\/index.php?rest_route=\/wp\/v2\/pages\/4755\/revisions\/4956"}],"wp:attachment":[{"href":"https:\/\/secint-consultores.com.mx\/index.php?rest_route=%2Fwp%2Fv2%2Fmedia&parent=4755"}],"curies":[{"name":"wp","href":"https:\/\/api.w.org\/{rel}","templated":true}]}}