{"id":530,"date":"2016-11-20T12:08:54","date_gmt":"2016-11-20T12:08:54","guid":{"rendered":"http:\/\/secint-consultores.com.mx\/?page_id=530"},"modified":"2023-07-11T00:13:08","modified_gmt":"2023-07-11T00:13:08","slug":"home-2","status":"publish","type":"page","link":"https:\/\/secint-consultores.com.mx\/","title":{"rendered":"Home"},"content":{"rendered":"<p>[vc_row bg_type=&#8221;&#8221; dima_canvas_style=&#8221;&#8221; translate_x=&#8221;0&#8243; dima_z_index=&#8221;0&#8243; delay=&#8221;&#8221; delay_duration=&#8221;&#8221; delay_offset=&#8221;&#8221; top_and_bottom_padding=&#8221;&#8221; left_and_right_padding=&#8221;&#8221;][vc_column min_height=&#8221;&#8221; bg_type=&#8221;&#8221; dima_canvas_style=&#8221;&#8221; translate_x=&#8221;0&#8243; dima_z_index=&#8221;0&#8243; delay=&#8221;&#8221; delay_duration=&#8221;&#8221; delay_offset=&#8221;&#8221; top_and_bottom_padding=&#8221;&#8221; left_and_right_padding=&#8221;&#8221; width=&#8221;1\/2&#8243;]<h2  class=\"dima-custom-heading\" ><span style=\"color: #ff6600;\"><strong>Nuestro Expertise<\/strong><\/span><\/h2><h5>Ayudamos a mejorar su empresa, implementando procesos y pol\u00edticas que la ayuden a llegar a sus objetivos.<\/h5>\n<h5>A trav\u00e9s de m\u00e9tricas claras, ayudamos a formular o reformular tu modelo de negocios con una visi\u00f3n innovadora acorde a tu organizaci\u00f3n.<\/h5>\n[\/vc_column][vc_column min_height=&#8221;&#8221; bg_type=&#8221;&#8221; dima_canvas_style=&#8221;&#8221; translate_x=&#8221;0&#8243; dima_z_index=&#8221;0&#8243; delay=&#8221;&#8221; delay_duration=&#8221;&#8221; delay_offset=&#8221;&#8221; top_and_bottom_padding=&#8221;&#8221; left_and_right_padding=&#8221;&#8221; width=&#8221;1\/2&#8243;]<div class=\"dima-progressbar\"><div class=\"progress \" data-color-val=\"#dd9933\"><div class=\"progress-bar\" role=\"progressbar\" aria-valuenow=\"100\" aria-valuemin=\"0\" aria-valuemax=\"100\"><div class=\"percent\">100<span><\/span><\/div><\/div><\/div><h6 class=\"h-skill-bar\">Planeaci\u00f3n estrat\u00e9gica<\/h6><\/div><div class=\"dima-progressbar\"><div class=\"progress \" data-color-val=\"\"><div class=\"progress-bar\" role=\"progressbar\" aria-valuenow=\"95\" aria-valuemin=\"0\" aria-valuemax=\"100\"><div class=\"percent\">95%<span><\/span><\/div><\/div><\/div><h6 class=\"h-skill-bar\">Modelo de negocio<\/h6><\/div><div class=\"dima-progressbar\"><div class=\"progress \" data-color-val=\"#dd9933\"><div class=\"progress-bar\" role=\"progressbar\" aria-valuenow=\"95\" aria-valuemin=\"0\" aria-valuemax=\"100\"><div class=\"percent\">95%<span><\/span><\/div><\/div><\/div><h6 class=\"h-skill-bar\">Gobierno corporativo y normatividad<\/h6><\/div><div class=\"dima-progressbar\"><div class=\"progress \" data-color-val=\"\"><div class=\"progress-bar\" role=\"progressbar\" aria-valuenow=\"95\" aria-valuemin=\"0\" aria-valuemax=\"100\"><div class=\"percent\">95%<span><\/span><\/div><\/div><\/div><h6 class=\"h-skill-bar\">Prevenci\u00f3n de fraude y lavado de dinero<\/h6><\/div><div class=\"dima-progressbar\"><div class=\"progress \" data-color-val=\"#dd9933\"><div class=\"progress-bar\" role=\"progressbar\" aria-valuenow=\"90\" aria-valuemin=\"0\" aria-valuemax=\"100\"><div class=\"percent\">90%<span><\/span><\/div><\/div><\/div><h6 class=\"h-skill-bar\">Gesti\u00f3n de desempe\u00f1o empresarial<\/h6><\/div><div class=\"dima-progressbar\"><div class=\"progress \" data-color-val=\"\"><div class=\"progress-bar\" role=\"progressbar\" aria-valuenow=\"90\" aria-valuemin=\"0\" aria-valuemax=\"100\"><div class=\"percent\">90%<span><\/span><\/div><\/div><\/div><h6 class=\"h-skill-bar\">Maquila de n\u00f3mina, contabilidad e impuestos<\/h6><\/div><div class=\"dima-progressbar\"><div class=\"progress \" data-color-val=\"#dd9933\"><div class=\"progress-bar\" role=\"progressbar\" aria-valuenow=\"95\" aria-valuemin=\"0\" aria-valuemax=\"100\"><div class=\"percent\">95%<span><\/span><\/div><\/div><\/div><h6 class=\"h-skill-bar\">Auditor\u00eda interna y estados financieros<\/h6><\/div>[\/vc_column][\/vc_row][vc_row content_position=&#8221;center&#8221; dark=&#8221;true&#8221; bg_type=&#8221;bg_image&#8221; parallax=&#8221;parallax&#8221; parallax_speed=&#8221;0.4&#8243; dima_canvas_style=&#8221;&#8221; translate_x=&#8221;0&#8243; dima_z_index=&#8221;0&#8243; delay=&#8221;&#8221; delay_duration=&#8221;&#8221; delay_offset=&#8221;&#8221; top_and_bottom_padding=&#8221;&#8221; left_and_right_padding=&#8221;&#8221; parallax_center=&#8221;70%&#8221; class=&#8221;&#8221; style=&#8221;&#8221; bg_pattern=&#8221;87&#8243; id=&#8221;&#8221; border_color=&#8221;&#8221; di_bg_image=&#8221;87&#8243;][vc_column min_height=&#8221;&#8221; bg_type=&#8221;&#8221; dima_canvas_style=&#8221;&#8221; translate_x=&#8221;0&#8243; dima_z_index=&#8221;0&#8243; animation=&#8221;fadeIn&#8221; delay=&#8221;&#8221; delay_duration=&#8221;&#8221; delay_offset=&#8221;&#8221; top_and_bottom_padding=&#8221;&#8221; left_and_right_padding=&#8221;&#8221; width=&#8221;1\/1&#8243; id=&#8221;&#8221; class=&#8221;&#8221; style=&#8221;&#8221;]<h2  class=\"dima-custom-heading text-center\" ><span style=\"color: #ffffff;\">Lo que dicen nuestros clientes<\/span><\/h2><div  class=\"dima-flexslider\"><div  class=\"flexslider sample-slide small-control flexslider-1 dima-six-thumb\" data-dima-element=\"slider\" data-dima-params=\"{&quot;animation&quot;:&quot;slide&quot;,&quot;slideshowSpeed&quot;:&quot;7000&quot;,&quot;slideSpeed&quot;:&quot;600&quot;,&quot;controlNav&quot;:&quot;&quot;,&quot;directionNav&quot;:true,&quot;slideshow&quot;:true,&quot;random&quot;:false,&quot;is_rtl&quot;:false}\" ><ul class=\"slides\"><li   class=\"slide-item\" ><div   class=\"dima-testimonial  quote-top-center-arrow text-center no-arrow quote-text quote-style\"><span data-element-bg=\"https:\/\/secint-consultores.com.mx\/wp-content\/uploads\/2021\/02\/desntistas-3d.jpg\" class=\"dima-testimonial-image\"><\/span><blockquote  class=\"without-icon\"><div class=\"quote-content\"><p>&#8220;La asesor\u00eda de SECINT Consultores ha facilitado nuestra administraci\u00f3n y el cumplimiento de obligaciones fiscales&#8221;<\/p><span class=\"dima-testimonial-meta\"><strong>Dentistas L\u00e1ser y 3D<\/strong> <\/span><\/span><\/span><\/div><\/blockquote><\/div><\/li><li   class=\"slide-item\" ><div   class=\"dima-testimonial  quote-top-center-arrow text-center no-arrow quote-text quote-style\"><span data-element-bg=\"https:\/\/secint-consultores.com.mx\/wp-content\/uploads\/2021\/02\/JYGSA.jpg\" class=\"dima-testimonial-image\"><\/span><blockquote  class=\"without-icon\"><div class=\"quote-content\"><p>&#8220;El respaldo y atenci\u00f3n de SECINT Consultores representa una gran diferencia en comparaci\u00f3n con otras firmas&#8221;<\/p><span class=\"dima-testimonial-meta\"><strong>JYGSA<\/strong> <\/span><\/span><\/span><\/div><\/blockquote><\/div><\/li><li   class=\"slide-item\" ><div   class=\"dima-testimonial  quote-top-center-arrow text-center no-arrow quote-text quote-style\"><span data-element-bg=\"https:\/\/secint-consultores.com.mx\/wp-content\/uploads\/2021\/02\/rocha-mendoza-consulting.jpg\" class=\"dima-testimonial-image\"><\/span><blockquote  class=\"without-icon\"><div class=\"quote-content\"><p>&#8220;Sin duda, SECINT Consultores es una firma que cuenta con un equipo multidisciplinario que puede llevar a empresas de todo tipo a conseguir sus metas de crecimiento con base en el dise\u00f1o de pol\u00edticas y procedimientos, entre otros servicios &#8220;<\/p><span class=\"dima-testimonial-meta\"><strong>Rocha Mendoza Consulting<\/strong> <\/span><\/span><\/span><\/div><\/blockquote><\/div><\/li><li data-thumb=\"https:\/\/secint-consultores.com.mx\/wp-content\/uploads\/2021\/02\/silent-4-bussiness-100x100.jpg\"  class=\"slide-item\" ><div   class=\"dima-testimonial  quote-top-center-arrow text-center no-arrow quote-text quote-style\"><span data-element-bg=\"https:\/\/secint-consultores.com.mx\/wp-content\/uploads\/2021\/02\/silent-4-bussiness.jpg\" class=\"dima-testimonial-image\"><\/span><blockquote  class=\"without-icon\"><div class=\"quote-content\"><p>&#8220;SECINT Consultores es un aliado estrat\u00e9gico para brindar a nuestros clientes asesor\u00eda en materia de ciber seguridad a todo tipo de negocios&#8221;<\/p><span class=\"dima-testimonial-meta\"><strong>Silent 4 Business<\/strong> <\/span><\/span><\/span><\/div><\/blockquote><\/div><\/li><li data-thumb=\"https:\/\/secint-consultores.com.mx\/wp-content\/uploads\/2021\/02\/silent-4-bussiness-100x100.jpg\"  class=\"slide-item\" ><div   class=\"dima-testimonial  quote-top-center-arrow text-center no-arrow quote-text quote-style\"><span data-element-bg=\"https:\/\/secint-consultores.com.mx\/wp-content\/uploads\/2023\/07\/novocardio.jpg\" class=\"dima-testimonial-image\"><\/span><blockquote  class=\"without-icon\"><div class=\"quote-content\"><p>&#8220;La gobernanza se ha sumado para dar orden al negocio, gracias al apoyo de SECINT Consultores&#8221;<\/p><span class=\"dima-testimonial-meta\"><strong>Novocardio<\/strong> <\/span><\/span><\/span><\/div><\/blockquote><\/div><\/li><li data-thumb=\"https:\/\/secint-consultores.com.mx\/wp-content\/uploads\/2021\/02\/silent-4-bussiness-100x100.jpg\"  class=\"slide-item\" ><div   class=\"dima-testimonial  quote-top-center-arrow text-center no-arrow quote-text quote-style\"><span data-element-bg=\"https:\/\/secint-consultores.com.mx\/wp-content\/uploads\/2023\/07\/sica.jpg\" class=\"dima-testimonial-image\"><\/span><blockquote  class=\"without-icon\"><div class=\"quote-content\"><p>&#8220;El pago de la n\u00f3mina nunca fue tan claro y tan sencillo. \u00a1Gracias al equipo de SECINT Consultores!&#8221;<\/p><span class=\"dima-testimonial-meta\"><strong>Servicio Integral Cardiol\u00f3gico Vascular<\/strong> <\/span><\/span><\/span><\/div><\/blockquote><\/div><\/li><li data-thumb=\"https:\/\/secint-consultores.com.mx\/wp-content\/uploads\/2021\/02\/silent-4-bussiness-100x100.jpg\"  class=\"slide-item\" ><div   class=\"dima-testimonial  quote-top-center-arrow text-center no-arrow quote-text quote-style\"><span data-element-bg=\"https:\/\/secint-consultores.com.mx\/wp-content\/uploads\/2023\/07\/cercap.jpg\" class=\"dima-testimonial-image\"><\/span><blockquote  class=\"without-icon\"><div class=\"quote-content\"><p>&#8220;La oportuna asesor\u00eda de SECINT Consultores nos permite concentrarnos en la atenci\u00f3n de nuestros pacientes, con plena confianza en sus servicios profesionales&#8221;<\/p><span class=\"dima-testimonial-meta\"><strong>Cl\u00ednica CERCAP<\/strong> <\/span><\/span><\/span><\/div><\/blockquote><\/div><\/li><li data-thumb=\"https:\/\/secint-consultores.com.mx\/wp-content\/uploads\/2021\/02\/silent-4-bussiness-100x100.jpg\"  class=\"slide-item\" ><div   class=\"dima-testimonial  quote-top-center-arrow text-center no-arrow quote-text quote-style\"><span data-element-bg=\"https:\/\/secint-consultores.com.mx\/wp-content\/uploads\/2023\/07\/textiles-medicos.jpg\" class=\"dima-testimonial-image\"><\/span><blockquote  class=\"without-icon\"><div class=\"quote-content\"><p>&#8220;La contabilidad se ha vuelto una palanca para el crecimiento ordenado de nuestra empresa. Los servicios SECINT Consultores son altamente recomendables&#8221;<\/p><span class=\"dima-testimonial-meta\"><strong>Textiles M\u00e9dicos<\/strong> <\/span><\/span><\/span><\/div><\/blockquote><\/div><\/li><\/ul><\/div><\/div>[\/vc_column][\/vc_row][vc_row dark=&#8221;true&#8221; bg_type=&#8221;bg_image&#8221; parallax=&#8221;parallax&#8221; parallax_speed=&#8221;0.4&#8243; dima_canvas_style=&#8221;&#8221; translate_x=&#8221;0&#8243; dima_z_index=&#8221;0&#8243; delay=&#8221;&#8221; delay_duration=&#8221;&#8221; delay_offset=&#8221;&#8221; top_and_bottom_padding=&#8221;&#8221; left_and_right_padding=&#8221;&#8221; id=&#8221;&#8221; class=&#8221;&#8221; style=&#8221;&#8221; bg_pattern=&#8221;217&#8243; di_bg_image=&#8221;4710&#8243; border_color=&#8221;&#8221;][vc_column min_height=&#8221;&#8221; bg_type=&#8221;&#8221; dima_canvas_style=&#8221;&#8221; translate_x=&#8221;0&#8243; dima_z_index=&#8221;0&#8243; delay=&#8221;&#8221; delay_duration=&#8221;&#8221; delay_offset=&#8221;&#8221; top_and_bottom_padding=&#8221;&#8221; left_and_right_padding=&#8221;&#8221; width=&#8221;1\/1&#8243;][vc_row_inner equal_height=&#8221;true&#8221; no_margin=&#8221;true&#8221; bg_type=&#8221;&#8221; dima_canvas_style=&#8221;&#8221; translate_x=&#8221;0&#8243; dima_z_index=&#8221;0&#8243; top_and_bottom_padding=&#8221;&#8221; left_and_right_padding=&#8221;&#8221; class=&#8221;&#8221; style=&#8221;&#8221; id=&#8221;&#8221; border_color=&#8221;&#8221;][vc_column_inner delay=&#8221;&#8221; delay_duration=&#8221;&#8221; delay_offset=&#8221;&#8221; translate_x=&#8221;0&#8243; dima_z_index=&#8221;0&#8243; width=&#8221;1\/4&#8243;]<div  class=\"countUp text-start with-icon\" ><i style=\"color: #ffffff;\" class=\"icon-count fas fa-chess-knight\"><\/i><div class=\"number\" style=\"color: #dd9933;\"><span class=\"number-count\" data-from=\"10\" data-to=\"100\" data-formatter=\",\" data-duration=\"2.5\" data-decimals=\"0\" data-decimal=\".\">10<\/span><div class=\"text\" style=\"color: #ffffff;\">Proyectos asesorados<\/div><\/div><\/div>[\/vc_column_inner][vc_column_inner delay=&#8221;&#8221; delay_duration=&#8221;&#8221; delay_offset=&#8221;&#8221; translate_x=&#8221;0&#8243; dima_z_index=&#8221;0&#8243; width=&#8221;1\/4&#8243;]<div  class=\"countUp text-start with-icon\" ><i style=\"color: #ffffff;\" class=\"icon-count fas fa-landmark\"><\/i><div class=\"number\" style=\"color: #dd9933;\"><span class=\"number-count\" data-from=\"5\" data-to=\"50\" data-formatter=\",\" data-duration=\"2.5\" data-decimals=\"0\" data-decimal=\".\">5<\/span><div class=\"text\" style=\"color: #ffffff;\">Organizaciones atendidas<\/div><\/div><\/div>[\/vc_column_inner][vc_column_inner delay=&#8221;&#8221; delay_duration=&#8221;&#8221; delay_offset=&#8221;&#8221; translate_x=&#8221;0&#8243; dima_z_index=&#8221;0&#8243; width=&#8221;1\/4&#8243;]<div  class=\"countUp text-start with-icon\" ><i style=\"color: #ffffff;\" class=\"icon-count far fa-compass\"><\/i><div class=\"number\" style=\"color: #dd9933;\"><span class=\"number-count\" data-from=\"50\" data-to=\"1000\" data-formatter=\",\" data-duration=\"2.5\" data-decimals=\"0\" data-decimal=\".\">50<\/span><div class=\"text\" style=\"color: #ffffff;\">Consultas respondidas<\/div><\/div><\/div>[\/vc_column_inner][vc_column_inner delay=&#8221;&#8221; delay_duration=&#8221;&#8221; delay_offset=&#8221;&#8221; translate_x=&#8221;0&#8243; dima_z_index=&#8221;0&#8243; width=&#8221;1\/4&#8243;]<div  class=\"countUp text-start with-icon\" ><i style=\"color: #ffffff;\" class=\"icon-count fas fa-chart-line\"><\/i><div class=\"number\" style=\"color: #dd9933;\"><span class=\"number-count\" data-from=\"10\" data-to=\"100\" data-formatter=\",\" data-duration=\"2.5\" data-decimals=\"0\" data-decimal=\".\">10<\/span><div class=\"text\" style=\"color: #ffffff;\">Clientes satisfechos<\/div><\/div><\/div>[\/vc_column_inner][\/vc_row_inner][\/vc_column][\/vc_row][vc_row bg_type=&#8221;bg_color&#8221; dima_canvas_style=&#8221;&#8221; translate_x=&#8221;0&#8243; dima_z_index=&#8221;0&#8243; delay=&#8221;&#8221; delay_duration=&#8221;&#8221; delay_offset=&#8221;&#8221; top_and_bottom_padding=&#8221;&#8221; left_and_right_padding=&#8221;&#8221; bg_color=&#8221;#fafafa&#8221; class=&#8221;&#8221; style=&#8221;&#8221;][vc_column min_height=&#8221;&#8221; bg_type=&#8221;&#8221; dima_canvas_style=&#8221;&#8221; translate_x=&#8221;0&#8243; dima_z_index=&#8221;0&#8243; delay=&#8221;&#8221; delay_duration=&#8221;&#8221; delay_offset=&#8221;&#8221; top_and_bottom_padding=&#8221;&#8221; left_and_right_padding=&#8221;&#8221; width=&#8221;1\/1&#8243;][\/vc_column][\/vc_row][vc_row bg_type=&#8221;bg_image&#8221; parallax=&#8221;parallax&#8221; parallax_speed=&#8221;0.4&#8243; dima_canvas_style=&#8221;&#8221; translate_x=&#8221;0&#8243; dima_z_index=&#8221;0&#8243; delay=&#8221;&#8221; delay_duration=&#8221;&#8221; delay_offset=&#8221;&#8221; top_and_bottom_padding=&#8221;&#8221; left_and_right_padding=&#8221;&#8221; bg_color=&#8221;#fafafa&#8221; class=&#8221;&#8221; style=&#8221;&#8221; id=&#8221;&#8221; di_bg_image=&#8221;4922&#8243; css=&#8221;.vc_custom_1606955243256{background-color: #fafafa !important;}&#8221; border_color=&#8221;&#8221;][vc_column min_height=&#8221;&#8221; bg_type=&#8221;&#8221; dima_canvas_style=&#8221;&#8221; translate_x=&#8221;0&#8243; dima_z_index=&#8221;0&#8243; delay=&#8221;&#8221; delay_duration=&#8221;&#8221; delay_offset=&#8221;&#8221; top_and_bottom_padding=&#8221;&#8221; left_and_right_padding=&#8221;&#8221; width=&#8221;1\/1&#8243;]<h3  class=\"dima-custom-heading text-center\" ><span style=\"color: #ffffff;\">D\u00e9janos saber en qu\u00e9 podemos ayudarte.<\/span><\/h3><p style=\"text-align: center;\"><span style=\"color: #ffffff;\">Comun\u00edcate con nosotros<\/span><\/p>\n<div  class=\"dima-clear\" style=\"padding-bottom:50px\"><\/div><div role=\"form\" class=\"wpcf7\" id=\"wpcf7-f531-o1\" lang=\"en-US\" dir=\"ltr\">\n<div class=\"screen-reader-response\"><p role=\"status\" aria-live=\"polite\" aria-atomic=\"true\"><\/p> <ul><\/ul><\/div>\n<form action=\"\/index.php?rest_route=%2Fwp%2Fv2%2Fpages%2F530#wpcf7-f531-o1\" method=\"post\" class=\"wpcf7-form init\" novalidate=\"novalidate\" data-status=\"init\">\n<div style=\"display: none;\">\n<input type=\"hidden\" name=\"_wpcf7\" value=\"531\" \/>\n<input type=\"hidden\" name=\"_wpcf7_version\" value=\"5.3\" \/>\n<input type=\"hidden\" name=\"_wpcf7_locale\" value=\"en_US\" \/>\n<input type=\"hidden\" name=\"_wpcf7_unit_tag\" value=\"wpcf7-f531-o1\" \/>\n<input type=\"hidden\" name=\"_wpcf7_container_post\" value=\"0\" \/>\n<input type=\"hidden\" name=\"_wpcf7_posted_data_hash\" value=\"\" \/>\n<\/div>\n<div class=\"ok-row\">\n<div class=\"ok-md-4 ok-xsd-12   \">\n<p>Nombre (required)<br \/>\n    <span class=\"wpcf7-form-control-wrap your-name\"><input type=\"text\" name=\"your-name\" value=\"\" size=\"40\" class=\"wpcf7-form-control wpcf7-text wpcf7-validates-as-required\" aria-required=\"true\" aria-invalid=\"false\" \/><\/span> <\/p>\n<\/div>\n<div class=\"ok-md-4 ok-xsd-12   \">\n<p>E-mail (required)<br \/>\n    <span class=\"wpcf7-form-control-wrap your-email\"><input type=\"email\" name=\"your-email\" value=\"\" size=\"40\" class=\"wpcf7-form-control wpcf7-text wpcf7-email wpcf7-validates-as-required wpcf7-validates-as-email\" aria-required=\"true\" aria-invalid=\"false\" \/><\/span> <\/p>\n<\/div>\n<div class=\"ok-md-4 ok-xsd-12   \">\n<p>Asunto<br \/>\n    <span class=\"wpcf7-form-control-wrap your-subject\"><input type=\"text\" name=\"your-subject\" value=\"\" size=\"40\" class=\"wpcf7-form-control wpcf7-text\" aria-invalid=\"false\" \/><\/span> <\/p>\n<\/div>\n<\/div>\n<p>Mensaje<br \/>\n    <span class=\"wpcf7-form-control-wrap your-message\"><textarea name=\"your-message\" cols=\"40\" rows=\"10\" class=\"wpcf7-form-control wpcf7-textarea\" aria-invalid=\"false\"><\/textarea><\/span> <\/p>\n<p class=\"text-center\"><input type=\"submit\" value=\"SEND\" class=\"wpcf7-form-control wpcf7-submit dima-button di_green dima-btn-pill fill\" \/><\/p>\n<div class=\"wpcf7-response-output\" aria-hidden=\"true\"><\/div><\/form><\/div>[\/vc_column][\/vc_row]<\/p>\n","protected":false},"excerpt":{"rendered":"<p>[vc_row bg_type=&#8221;&#8221; dima_canvas_style=&#8221;&#8221; translate_x=&#8221;0&#8243; dima_z_index=&#8221;0&#8243; delay=&#8221;&#8221; delay_duration=&#8221;&#8221; delay_offset=&#8221;&#8221; top_and_bottom_padding=&#8221;&#8221; left_and_right_padding=&#8221;&#8221;][vc_column min_height=&#8221;&#8221; bg_type=&#8221;&#8221; dima_canvas_style=&#8221;&#8221; translate_x=&#8221;0&#8243; dima_z_index=&#8221;0&#8243; delay=&#8221;&#8221; delay_duration=&#8221;&#8221; delay_offset=&#8221;&#8221; top_and_bottom_padding=&#8221;&#8221; left_and_right_padding=&#8221;&#8221; width=&#8221;1\/2&#8243;][\/vc_column][vc_column min_height=&#8221;&#8221; bg_type=&#8221;&#8221; dima_canvas_style=&#8221;&#8221; translate_x=&#8221;0&#8243; dima_z_index=&#8221;0&#8243; delay=&#8221;&#8221; delay_duration=&#8221;&#8221; delay_offset=&#8221;&#8221; top_and_bottom_padding=&#8221;&#8221; left_and_right_padding=&#8221;&#8221; width=&#8221;1\/2&#8243;][\/vc_column][\/vc_row][vc_row content_position=&#8221;center&#8221; dark=&#8221;true&#8221; bg_type=&#8221;bg_image&#8221; parallax=&#8221;parallax&#8221; parallax_speed=&#8221;0.4&#8243; dima_canvas_style=&#8221;&#8221; translate_x=&#8221;0&#8243; dima_z_index=&#8221;0&#8243; delay=&#8221;&#8221; delay_duration=&#8221;&#8221; delay_offset=&#8221;&#8221; top_and_bottom_padding=&#8221;&#8221; left_and_right_padding=&#8221;&#8221; parallax_center=&#8221;70%&#8221; class=&#8221;&#8221; style=&#8221;&#8221; bg_pattern=&#8221;87&#8243; id=&#8221;&#8221; border_color=&#8221;&#8221; di_bg_image=&#8221;87&#8243;][vc_column min_height=&#8221;&#8221; bg_type=&#8221;&#8221; dima_canvas_style=&#8221;&#8221; [&hellip;]<\/p>\n","protected":false},"author":1,"featured_media":68,"parent":0,"menu_order":0,"comment_status":"closed","ping_status":"closed","template":"","meta":{"_bbp_topic_count":0,"_bbp_reply_count":0,"_bbp_total_topic_count":0,"_bbp_total_reply_count":0,"_bbp_voice_count":0,"_bbp_anonymous_reply_count":0,"_bbp_topic_count_hidden":0,"_bbp_reply_count_hidden":0,"_bbp_forum_subforum_count":0},"amp_enabled":false,"_links":{"self":[{"href":"https:\/\/secint-consultores.com.mx\/index.php?rest_route=\/wp\/v2\/pages\/530"}],"collection":[{"href":"https:\/\/secint-consultores.com.mx\/index.php?rest_route=\/wp\/v2\/pages"}],"about":[{"href":"https:\/\/secint-consultores.com.mx\/index.php?rest_route=\/wp\/v2\/types\/page"}],"author":[{"embeddable":true,"href":"https:\/\/secint-consultores.com.mx\/index.php?rest_route=\/wp\/v2\/users\/1"}],"replies":[{"embeddable":true,"href":"https:\/\/secint-consultores.com.mx\/index.php?rest_route=%2Fwp%2Fv2%2Fcomments&post=530"}],"version-history":[{"count":60,"href":"https:\/\/secint-consultores.com.mx\/index.php?rest_route=\/wp\/v2\/pages\/530\/revisions"}],"predecessor-version":[{"id":5137,"href":"https:\/\/secint-consultores.com.mx\/index.php?rest_route=\/wp\/v2\/pages\/530\/revisions\/5137"}],"wp:featuredmedia":[{"embeddable":true,"href":"https:\/\/secint-consultores.com.mx\/index.php?rest_route=\/wp\/v2\/media\/68"}],"wp:attachment":[{"href":"https:\/\/secint-consultores.com.mx\/index.php?rest_route=%2Fwp%2Fv2%2Fmedia&parent=530"}],"curies":[{"name":"wp","href":"https:\/\/api.w.org\/{rel}","templated":true}]}}